{"id":2351,"date":"2025-03-07T13:44:43","date_gmt":"2025-03-07T13:44:43","guid":{"rendered":"https:\/\/drferitbernay.com.tr\/?page_id=2351"},"modified":"2025-03-07T13:51:27","modified_gmt":"2025-03-07T13:51:27","slug":"inmemis-testis","status":"publish","type":"page","link":"https:\/\/drferitbernay.com.tr\/index.php\/tibbi-ilgi-alanlari\/inmemis-testis\/","title":{"rendered":"\u0130nmemi\u015f testis"},"content":{"rendered":"\t\t<div data-elementor-type=\"wp-page\" data-elementor-id=\"2351\" class=\"elementor elementor-2351\">\n\t\t\t\t<div class=\"elementor-element elementor-element-51fc500 e-con-full e-flex e-con e-child\" data-id=\"51fc500\" data-element_type=\"container\">\n\t\t\t\t<div class=\"elementor-element elementor-element-628aab4e elementor-widget elementor-widget-bizmaster-theme-section-title-one-widget\" data-id=\"628aab4e\" data-element_type=\"widget\" data-widget_type=\"bizmaster-theme-section-title-one-widget.default\">\n\t\t\t\t<div class=\"elementor-widget-container\">\n\t\t\t\t\t        <div class=\"title-area\">\r\n                        <span class=\"sub-title\">\r\n                <svg xmlns=\"http:\/\/www.w3.org\/2000\/svg\" width=\"20\" height=\"21\" viewBox=\"0 0 20 21\" fill=\"none\"><path d=\"M14.846 11.0001C14.7312 12.1131 14.238 13.153 13.4489 13.9461C12.6597 14.7393 11.6224 15.2377 10.51 15.3581C10.4876 15.3579 10.4654 15.3621 10.4446 15.3705C10.4239 15.379 10.405 15.3915 10.3892 15.4073C10.3734 15.4232 10.3608 15.442 10.3524 15.4628C10.3439 15.4835 10.3397 15.5057 10.34 15.5281V19.1661C10.34 19.2563 10.3042 19.3428 10.2404 19.4066C10.1767 19.4703 10.0902 19.5061 10 19.5061C9.90983 19.5061 9.82335 19.4703 9.75958 19.4066C9.69582 19.3428 9.66 19.2563 9.66 19.1661V17.8461C9.65676 17.8021 9.63781 17.7607 9.6066 17.7295C9.5754 17.6983 9.53401 17.6794 9.49 17.6761C7.97783 17.5538 6.54347 16.9548 5.39339 15.9653C4.24331 14.9759 3.43682 13.6471 3.09 12.1701C3.07709 12.1264 3.07312 12.0805 3.07832 12.0351C3.08353 11.9898 3.0978 11.946 3.1203 11.9063C3.14279 11.8666 3.17304 11.8319 3.20925 11.8041C3.24546 11.7763 3.28688 11.7562 3.33106 11.7447C3.37523 11.7333 3.42125 11.7309 3.46637 11.7377C3.51149 11.7444 3.5548 11.7602 3.5937 11.784C3.63261 11.8078 3.66632 11.8393 3.69283 11.8764C3.71933 11.9135 3.7381 11.9556 3.748 12.0001C4.05633 13.3259 4.77529 14.5204 5.80238 15.4136C6.82948 16.3067 8.1123 16.8529 9.468 16.9741C9.512 16.9961 9.554 16.9741 9.596 16.9321C9.6182 16.9196 9.63616 16.9007 9.64756 16.8779C9.65896 16.8551 9.66329 16.8294 9.66 16.8041V15.5281C9.66027 15.5057 9.65605 15.4835 9.64761 15.4628C9.63916 15.442 9.62665 15.4232 9.61081 15.4073C9.59497 15.3915 9.57612 15.379 9.55537 15.3705C9.53463 15.3621 9.5124 15.3579 9.49 15.3581C8.38294 15.2348 7.34989 14.7415 6.558 13.9581C5.76627 13.1624 5.27201 12.1188 5.158 11.0021C5.15151 10.9613 5.13099 10.9239 5.09997 10.8966C5.06894 10.8692 5.02935 10.8535 4.988 10.8521H1.35C1.25717 10.8521 1.16815 10.8153 1.10251 10.7496C1.03687 10.684 1 10.595 1 10.5021C1 10.4093 1.03687 10.3203 1.10251 10.2547C1.16815 10.189 1.25717 10.1521 1.35 10.1521H2.732C2.77324 10.1504 2.81263 10.1346 2.84358 10.1073C2.87453 10.08 2.89516 10.0428 2.902 10.0021C2.99275 8.49222 3.55377 7.04855 4.50639 5.87356C5.45902 4.69856 6.75547 3.85115 8.214 3.45014C8.30233 3.43338 8.39372 3.45104 8.46943 3.49951C8.54515 3.54799 8.59945 3.6236 8.62119 3.71083C8.64294 3.79806 8.63048 3.89031 8.58637 3.96865C8.54227 4.04699 8.46986 4.10549 8.384 4.13214C7.07913 4.48401 5.9167 5.23457 5.05904 6.27904C4.20138 7.32351 3.69129 8.60975 3.6 9.95814C3.59436 9.98298 3.59458 10.0088 3.60066 10.0335C3.60673 10.0583 3.61847 10.0813 3.63497 10.1007C3.65147 10.1201 3.67226 10.1354 3.6957 10.1453C3.71914 10.1553 3.74458 10.1597 3.77 10.1581H4.98C5.02135 10.1568 5.06095 10.1411 5.09197 10.1137C5.12299 10.0863 5.14351 10.049 5.15 10.0081C5.26325 8.89314 5.75622 7.85093 6.54633 7.05608C7.33644 6.26124 8.3757 5.76205 9.49 5.64214C9.5124 5.64241 9.53463 5.6382 9.55537 5.62975C9.57612 5.6213 9.59497 5.60879 9.61081 5.59295C9.62665 5.57711 9.63916 5.55826 9.64761 5.53751C9.65605 5.51677 9.66027 5.49454 9.66 5.47214V1.83414C9.66 1.74397 9.69582 1.65749 9.75958 1.59372C9.82335 1.52996 9.90983 1.49414 10 1.49414C10.0902 1.49414 10.1767 1.52996 10.2404 1.59372C10.3042 1.65749 10.34 1.74397 10.34 1.83414V5.96014C10.3423 6.00828 10.3345 6.05637 10.3171 6.10133C10.2997 6.14628 10.2731 6.18711 10.239 6.22119C10.205 6.25527 10.1641 6.28185 10.1192 6.29924C10.0742 6.31662 10.0261 6.32442 9.978 6.32214C6.28 6.32214 4.432 10.8501 7.046 13.4661C9.66 16.0821 14.122 14.2101 14.186 10.5001C14.1855 10.4553 14.1939 10.4109 14.2108 10.3694C14.2277 10.3279 14.2527 10.2902 14.2844 10.2585C14.3161 10.2268 14.3538 10.2018 14.3953 10.1849C14.4367 10.168 14.4812 10.1596 14.526 10.1601H18.65C18.7428 10.1601 18.8319 10.197 18.8975 10.2627C18.9631 10.3283 19 10.4173 19 10.5101C19 10.603 18.9631 10.692 18.8975 10.7576C18.8319 10.8233 18.7428 10.8601 18.65 10.8601H17.29C17.2478 10.8584 17.2066 10.8731 17.1749 10.901C17.1432 10.929 17.1236 10.9681 17.12 11.0101C17.0096 12.5295 16.422 13.9751 15.4411 15.1406C14.4602 16.3061 13.1362 17.1319 11.658 17.5001C11.212 17.6061 11.058 16.9261 11.508 16.8201C12.8281 16.4919 14.0119 15.7578 14.8928 14.7213C15.7736 13.6847 16.3071 12.3979 16.418 11.0421C16.4236 11.0173 16.4234 10.9915 16.4173 10.9667C16.4113 10.942 16.3995 10.919 16.383 10.8996C16.3665 10.8802 16.3457 10.8649 16.3223 10.8549C16.2989 10.845 16.2734 10.8406 16.248 10.8421H15.016C14.9746 10.8435 14.9351 10.8592 14.904 10.8866C14.873 10.9139 14.8525 10.9513 14.846 10.9921V11.0001ZM17.6 5.34414L15.142 7.78814C15.0819 7.85333 14.9986 7.89215 14.91 7.89614H13.272C13.2273 7.90006 13.1841 7.91445 13.146 7.93814L10.234 10.8721C10.1685 10.9333 10.0819 10.9667 9.99227 10.9653C9.90267 10.9638 9.81712 10.9277 9.75363 10.8645C9.69013 10.8012 9.65365 10.7158 9.65185 10.6263C9.65006 10.5367 9.68309 10.4499 9.744 10.3841L12.656 7.44814C12.6756 7.43832 12.692 7.42315 12.7033 7.40439C12.7147 7.38563 12.7204 7.36405 12.72 7.34214V5.70014C12.7196 5.65284 12.7288 5.60594 12.747 5.56228C12.7652 5.51863 12.7921 5.47912 12.826 5.44614L15.27 3.00414C15.3172 2.95312 15.3787 2.91749 15.4464 2.9019C15.5141 2.88631 15.585 2.89148 15.6497 2.91673C15.7145 2.94199 15.7701 2.98615 15.8094 3.04348C15.8487 3.10081 15.8698 3.16864 15.87 3.23814V4.57814C15.8728 4.6223 15.8916 4.66392 15.9229 4.69521C15.9542 4.7265 15.9958 4.74531 16.04 4.74814H17.358C17.4283 4.7463 17.4975 4.76567 17.5567 4.80375C17.6158 4.84182 17.6621 4.89682 17.6895 4.96158C17.7169 5.02634 17.7242 5.09785 17.7103 5.16681C17.6965 5.23576 17.6623 5.29895 17.612 5.34814L17.6 5.34414ZM14.8 7.14414L16.224 5.72014C16.2487 5.69728 16.2662 5.66766 16.2743 5.63496C16.2823 5.60225 16.2806 5.5679 16.2693 5.53616C16.258 5.50443 16.2377 5.4767 16.2108 5.45643C16.1839 5.43616 16.1516 5.42424 16.118 5.42214H15.518C15.4251 5.42431 15.3351 5.38988 15.2674 5.32627C15.1997 5.26266 15.1596 5.17498 15.156 5.08214V4.50014C15.1558 4.4657 15.1456 4.43206 15.1265 4.40339C15.1074 4.37473 15.0803 4.3523 15.0485 4.33889C15.0168 4.32547 14.9819 4.32166 14.948 4.32793C14.9141 4.3342 14.8828 4.35026 14.858 4.37414L13.458 5.79814C13.4206 5.8307 13.3976 5.87671 13.394 5.92614V7.03214C13.3937 7.05454 13.3979 7.07677 13.4064 7.09751C13.4148 7.11826 13.4274 7.13711 13.4432 7.15295C13.459 7.16879 13.4779 7.1813 13.4986 7.18975C13.5194 7.19819 13.5416 7.20241 13.564 7.20214H14.69C14.734 7.20214 14.776 7.20214 14.796 7.15814L14.8 7.14414ZM12.888 10.5041C12.8888 11.076 12.7199 11.6352 12.4028 12.111C12.0856 12.5869 11.6344 12.9579 11.1063 13.1772C10.5781 13.3965 9.99683 13.4542 9.43591 13.343C8.87499 13.2317 8.35967 12.9566 7.95517 12.5524C7.55068 12.1482 7.27519 11.633 7.16358 11.0722C7.05197 10.5114 7.10926 9.93 7.32818 9.40172C7.54711 8.87345 7.91784 8.42199 8.39344 8.1045C8.86905 7.78701 9.42816 7.61775 10 7.61814C10.0859 7.62473 10.1662 7.66351 10.2248 7.72673C10.2833 7.78996 10.3159 7.87296 10.3159 7.95914C10.3159 8.04532 10.2833 8.12832 10.2248 8.19155C10.1662 8.25477 10.0859 8.29355 10 8.30014C9.41652 8.30014 8.85695 8.53193 8.44437 8.94451C8.03179 9.35709 7.8 9.91666 7.8 10.5001C7.8 11.0836 8.03179 11.6432 8.44437 12.0558C8.85695 12.4684 9.41652 12.7001 10 12.7001C11.276 12.7001 12.126 11.7441 12.188 10.5001C12.186 10.4519 12.194 10.4037 12.2114 10.3587C12.2288 10.3136 12.2553 10.2727 12.2892 10.2383C12.3231 10.2039 12.3638 10.1769 12.4086 10.1589C12.4534 10.1409 12.5014 10.1324 12.5497 10.1337C12.598 10.1351 12.6455 10.1464 12.6892 10.1669C12.7329 10.1874 12.772 10.2167 12.8039 10.253C12.8358 10.2892 12.8599 10.3316 12.8747 10.3776C12.8895 10.4236 12.8947 10.4721 12.89 10.5201L12.888 10.5041Z\" fill=\"#196164\"><\/path><\/svg>T\u0131bbi \u0130lgi Alanlar\u0131  \r\n            <\/span>\r\n                        <h2 class=\"sec-title style2\">\r\n            \u00c7ocuklarda \u0130nmemi\u015f Testis (Kriptor\u015fidizm) Nedir?\n            <\/h2>\r\n            \r\n        <\/div>\r\n        \t\t\t\t<\/div>\n\t\t\t\t<\/div>\n\t\t\t\t<div class=\"elementor-element elementor-element-482aae72 elementor-widget elementor-widget-text-editor\" data-id=\"482aae72\" data-element_type=\"widget\" data-widget_type=\"text-editor.default\">\n\t\t\t\t<div class=\"elementor-widget-container\">\n\t\t\t\t\t\t\t\t\t<div class=\"checklist\"><p data-start=\"60\" data-end=\"400\">\u0130nmemi\u015f testis (kriptor\u015fidizm), testislerin do\u011fumdan sonra skrotum (torba) i\u00e7ine yerle\u015fmemesi durumudur. Normalde bebek anne karn\u0131ndayken, testisler kar\u0131n bo\u015flu\u011funda geli\u015fir ve do\u011fuma yak\u0131n bir zamanda kas\u0131k kanal\u0131ndan ge\u00e7erek torbaya iner. Ancak baz\u0131 bebeklerde bu s\u00fcre\u00e7 tamamlanmaz ve testislerden biri ya da her ikisi torbaya ula\u015famaz.<\/p><p data-start=\"402\" data-end=\"681\">\u0130nmemi\u015f testis vakalar\u0131n\u0131n \u00e7o\u011fu <strong data-start=\"434\" data-end=\"458\">premat\u00fcre bebeklerde<\/strong> daha s\u0131k g\u00f6r\u00fcl\u00fcr ve baz\u0131 durumlarda testisler ilk birka\u00e7 ay i\u00e7inde kendili\u011finden torbaya inebilir. Ancak <strong data-start=\"564\" data-end=\"679\">6. aya kadar inmemi\u015f testislerin b\u00fcy\u00fck \u00e7o\u011funlu\u011fu kendili\u011finden inmeyece\u011finden, cerrahi m\u00fcdahale gerektirebilir.<\/strong><\/p><\/div>\t\t\t\t\t\t\t\t<\/div>\n\t\t\t\t<\/div>\n\t\t\t\t<\/div>\n\t\t<div class=\"elementor-element elementor-element-d8e627b e-con-full e-flex e-con e-child\" data-id=\"d8e627b\" data-element_type=\"container\" data-settings=\"{&quot;background_background&quot;:&quot;classic&quot;}\">\n\t\t\t\t<div class=\"elementor-element elementor-element-fe39507 elementor-widget elementor-widget-bizmaster-theme-section-title-one-widget\" data-id=\"fe39507\" data-element_type=\"widget\" data-widget_type=\"bizmaster-theme-section-title-one-widget.default\">\n\t\t\t\t<div class=\"elementor-widget-container\">\n\t\t\t\t\t        <div class=\"title-area\">\r\n                        <h2 class=\"sec-title style2\">\r\n            \u0130nmemi\u015f Testisin Belirtileri Nelerdir?\n            <\/h2>\r\n            \r\n        <\/div>\r\n        \t\t\t\t<\/div>\n\t\t\t\t<\/div>\n\t\t\t\t<div class=\"elementor-element elementor-element-305293d elementor-widget elementor-widget-text-editor\" data-id=\"305293d\" data-element_type=\"widget\" data-widget_type=\"text-editor.default\">\n\t\t\t\t<div class=\"elementor-widget-container\">\n\t\t\t\t\t\t\t\t\t<div class=\"checklist\"><ol data-start=\"68\" data-end=\"1191\" data-is-last-node=\"\" data-is-only-node=\"\"><li data-start=\"68\" data-end=\"372\"><p data-start=\"738\" data-end=\"952\">\u2714 <strong data-start=\"740\" data-end=\"775\">Testisin torbada hissedilmemesi<\/strong><br data-start=\"775\" data-end=\"778\" \/>\u2714 <strong data-start=\"780\" data-end=\"836\">Kas\u0131k b\u00f6lgesinde veya kar\u0131n i\u00e7inde hissedilen \u015fi\u015flik<\/strong><br data-start=\"836\" data-end=\"839\" \/>\u2714 <strong data-start=\"841\" data-end=\"888\">Asimetrik ya da bo\u015f testis torbas\u0131 g\u00f6r\u00fcn\u00fcm\u00fc<\/strong><br data-start=\"888\" data-end=\"891\" \/>\u2714 <strong data-start=\"893\" data-end=\"950\">Baz\u0131 durumlarda kas\u0131k f\u0131t\u0131\u011f\u0131 ile birlikte g\u00f6r\u00fclebilir<\/strong><\/p><\/li><li data-start=\"68\" data-end=\"372\"><p data-start=\"738\" data-end=\"952\">Bazen <strong data-start=\"960\" data-end=\"982\">&#8220;retraktil testis&#8221;<\/strong> ad\u0131 verilen bir durumla kar\u0131\u015ft\u0131r\u0131labilir. Retraktil testiste, testis torbaya inebilir ancak kas refleksi nedeniyle yukar\u0131 \u00e7ekilebilir. Bu durum genellikle tedavi gerektirmez, ancak d\u00fczenli takip edilmelidir.<\/p><\/li><\/ol><\/div>\t\t\t\t\t\t\t\t<\/div>\n\t\t\t\t<\/div>\n\t\t\t\t<\/div>\n\t\t<div class=\"elementor-element elementor-element-62eb6ce e-con-full e-flex e-con e-child\" data-id=\"62eb6ce\" data-element_type=\"container\" data-settings=\"{&quot;background_background&quot;:&quot;classic&quot;}\">\n\t\t\t\t<div class=\"elementor-element elementor-element-be7e917 elementor-widget elementor-widget-bizmaster-theme-section-title-one-widget\" data-id=\"be7e917\" data-element_type=\"widget\" data-widget_type=\"bizmaster-theme-section-title-one-widget.default\">\n\t\t\t\t<div class=\"elementor-widget-container\">\n\t\t\t\t\t        <div class=\"title-area\">\r\n                        <h2 class=\"sec-title style2\">\r\n            \u0130nmemi\u015f Testisin Nedenleri Nelerdir?\n            <\/h2>\r\n            \r\n        <\/div>\r\n        \t\t\t\t<\/div>\n\t\t\t\t<\/div>\n\t\t\t\t<div class=\"elementor-element elementor-element-ea6cd46 elementor-widget elementor-widget-text-editor\" data-id=\"ea6cd46\" data-element_type=\"widget\" data-widget_type=\"text-editor.default\">\n\t\t\t\t<div class=\"elementor-widget-container\">\n\t\t\t\t\t\t\t\t\t<div class=\"checklist\"><ol data-start=\"68\" data-end=\"1191\" data-is-last-node=\"\" data-is-only-node=\"\"><li data-start=\"68\" data-end=\"372\"><p data-start=\"1247\" data-end=\"1370\">\u0130nmemi\u015f testisin kesin nedeni tam olarak bilinmemekle birlikte, a\u015fa\u011f\u0131daki fakt\u00f6rlerin etkili olabilece\u011fi d\u00fc\u015f\u00fcn\u00fclmektedir:<\/p><\/li><li data-start=\"68\" data-end=\"372\"><p data-start=\"1247\" data-end=\"1370\">\u2714 <strong data-start=\"1374\" data-end=\"1402\">Hormonal Dengesizlikler:<\/strong> Testislerin inmesini sa\u011flayan hormonlar\u0131n eksikli\u011fi veya d\u00fczensizli\u011fi.<br data-start=\"1473\" data-end=\"1476\" \/>\u2714 <strong data-start=\"1478\" data-end=\"1500\">Genetik Fakt\u00f6rler:<\/strong> Ailede inmemi\u015f testis \u00f6yk\u00fcs\u00fc olan bebeklerde daha s\u0131k g\u00f6r\u00fclebilir.<br data-start=\"1567\" data-end=\"1570\" \/>\u2714 <strong data-start=\"1572\" data-end=\"1592\">Premat\u00fcre Do\u011fum:<\/strong> Testislerin ini\u015fi, hamileli\u011fin son d\u00f6nemlerinde tamamland\u0131\u011f\u0131 i\u00e7in erken do\u011fan bebeklerde bu s\u00fcre\u00e7 tamamlanmayabilir.<br data-start=\"1709\" data-end=\"1712\" \/>\u2714 <strong data-start=\"1714\" data-end=\"1741\">Anneye Ba\u011fl\u0131 Fakt\u00f6rler:<\/strong> Gebelik s\u0131ras\u0131nda baz\u0131 ila\u00e7lar veya \u00e7evresel fakt\u00f6rler testis ini\u015fini etkileyebilir.<\/p><\/li><\/ol><\/div>\t\t\t\t\t\t\t\t<\/div>\n\t\t\t\t<\/div>\n\t\t\t\t<\/div>\n\t\t<div class=\"elementor-element elementor-element-ab413fe e-con-full e-flex e-con e-child\" data-id=\"ab413fe\" data-element_type=\"container\" data-settings=\"{&quot;background_background&quot;:&quot;classic&quot;}\">\n\t\t\t\t<div class=\"elementor-element elementor-element-c31943b elementor-widget elementor-widget-bizmaster-theme-section-title-one-widget\" data-id=\"c31943b\" data-element_type=\"widget\" data-widget_type=\"bizmaster-theme-section-title-one-widget.default\">\n\t\t\t\t<div class=\"elementor-widget-container\">\n\t\t\t\t\t        <div class=\"title-area\">\r\n                        <h2 class=\"sec-title style2\">\r\n            \u0130nmemi\u015f Testisin Te\u015fhisi Nas\u0131l Konur?\n            <\/h2>\r\n            \r\n        <\/div>\r\n        \t\t\t\t<\/div>\n\t\t\t\t<\/div>\n\t\t\t\t<div class=\"elementor-element elementor-element-150dc4f elementor-widget elementor-widget-text-editor\" data-id=\"150dc4f\" data-element_type=\"widget\" data-widget_type=\"text-editor.default\">\n\t\t\t\t<div class=\"elementor-widget-container\">\n\t\t\t\t\t\t\t\t\t<div class=\"checklist\"><ol data-start=\"68\" data-end=\"1191\" data-is-last-node=\"\" data-is-only-node=\"\"><li data-start=\"68\" data-end=\"372\"><p data-start=\"1884\" data-end=\"2129\">\u0130nmemi\u015f testis genellikle <strong data-start=\"1910\" data-end=\"1927\">fizik muayene<\/strong> ile te\u015fhis edilir. \u00c7ocuk cerrah\u0131 veya \u00e7ocuk \u00fcrolo\u011fu, testisin torbada olup olmad\u0131\u011f\u0131n\u0131 muayene ederek de\u011ferlendirir. E\u011fer testis elle hissedilemiyorsa, a\u015fa\u011f\u0131daki g\u00f6r\u00fcnt\u00fcleme y\u00f6ntemleri kullan\u0131labilir:<\/p><\/li><li data-start=\"68\" data-end=\"372\"><p data-start=\"1884\" data-end=\"2129\">\u2714 <strong data-start=\"2133\" data-end=\"2146\">Ultrason:<\/strong> Testisin nerede bulundu\u011funu belirlemeye yard\u0131mc\u0131 olabilir.<br data-start=\"2205\" data-end=\"2208\" \/>\u2714 <strong data-start=\"2210\" data-end=\"2250\">MRG (Manyetik Rezonans G\u00f6r\u00fcnt\u00fcleme):<\/strong> Testislerin kar\u0131n i\u00e7inde olup olmad\u0131\u011f\u0131n\u0131 detayl\u0131 g\u00f6sterebilir.<br data-start=\"2313\" data-end=\"2316\" \/>\u2714 <strong data-start=\"2318\" data-end=\"2334\">Laparoskopi:<\/strong> Testisin kar\u0131n i\u00e7inde olup olmad\u0131\u011f\u0131n\u0131 do\u011frudan g\u00f6r\u00fcnt\u00fcleyerek te\u015fhis ve tedavi i\u00e7in kullan\u0131labilir.<\/p><\/li><\/ol><\/div>\t\t\t\t\t\t\t\t<\/div>\n\t\t\t\t<\/div>\n\t\t\t\t<\/div>\n\t\t<div class=\"elementor-element elementor-element-10acaf7 e-con-full e-flex e-con e-child\" data-id=\"10acaf7\" data-element_type=\"container\" data-settings=\"{&quot;background_background&quot;:&quot;classic&quot;}\">\n\t\t\t\t<div class=\"elementor-element elementor-element-c54a6a6 elementor-widget elementor-widget-bizmaster-theme-section-title-one-widget\" data-id=\"c54a6a6\" data-element_type=\"widget\" data-widget_type=\"bizmaster-theme-section-title-one-widget.default\">\n\t\t\t\t<div class=\"elementor-widget-container\">\n\t\t\t\t\t        <div class=\"title-area\">\r\n                        <h2 class=\"sec-title style2\">\r\n            \u0130nmemi\u015f Testisin Tedavisi Nas\u0131l Yap\u0131l\u0131r?\n            <\/h2>\r\n            \r\n        <\/div>\r\n        \t\t\t\t<\/div>\n\t\t\t\t<\/div>\n\t\t\t\t<div class=\"elementor-element elementor-element-123fe58 elementor-widget elementor-widget-text-editor\" data-id=\"123fe58\" data-element_type=\"widget\" data-widget_type=\"text-editor.default\">\n\t\t\t\t<div class=\"elementor-widget-container\">\n\t\t\t\t\t\t\t\t\t<p>\u0130nmemi\u015f testis kendili\u011finden d\u00fczelmezse, cerrahi m\u00fcdahale gerektirir. Tedavi, \u00e7ocu\u011fun 6 ay ile 1 ya\u015f aras\u0131nda tamamlanmal\u0131d\u0131r, \u00e7\u00fcnk\u00fc erken d\u00f6nemde yap\u0131lan m\u00fcdahale testisin sa\u011fl\u0131kl\u0131 geli\u015fimini korur.<\/p><p><strong>1. Hormonal Tedavi<\/strong><br \/>Baz\u0131 vakalarda, hormon enjeksiyonlar\u0131 (hCG veya GnRH) ile testisin torbaya inmesi sa\u011flanabilir. Ancak bu y\u00f6ntem g\u00fcn\u00fcm\u00fczde nadiren kullan\u0131l\u0131r ve ba\u015far\u0131 oran\u0131 d\u00fc\u015f\u00fckt\u00fcr.<\/p><p><strong>2. Cerrahi Tedavi<\/strong> (Or\u015fiopeksi)<br \/>\u0130nmemi\u015f testisin en yayg\u0131n ve etkili tedavi y\u00f6ntemi cerrahidir. Or\u015fiopeksi ad\u0131 verilen ameliyatla testis, torbaya yerle\u015ftirilir ve sabitlenir.<\/p><p>\u2714 <strong>Laparoskopik Or\u015fiopeksi:<\/strong> Testis kar\u0131n i\u00e7inde bulunuyorsa laparoskopi ile torbaya indirilir.<br \/>\u2714 <strong>A\u00e7\u0131k Cerrahi:<\/strong> Testis kas\u0131k b\u00f6lgesinde bulunuyorsa k\u00fc\u00e7\u00fck bir kesi ile torbaya yerle\u015ftirilir.<\/p><p>Ameliyat genellikle g\u00fcn\u00fcbirlik bir i\u015flemdir ve \u00e7ocuk ayn\u0131 g\u00fcn taburcu edilebilir.<\/p>\t\t\t\t\t\t\t\t<\/div>\n\t\t\t\t<\/div>\n\t\t\t\t<\/div>\n\t\t<div class=\"elementor-element elementor-element-ade8b72 e-con-full e-flex e-con e-child\" data-id=\"ade8b72\" data-element_type=\"container\" data-settings=\"{&quot;background_background&quot;:&quot;classic&quot;}\">\n\t\t\t\t<div class=\"elementor-element elementor-element-2049708 elementor-widget elementor-widget-bizmaster-theme-section-title-one-widget\" data-id=\"2049708\" data-element_type=\"widget\" data-widget_type=\"bizmaster-theme-section-title-one-widget.default\">\n\t\t\t\t<div class=\"elementor-widget-container\">\n\t\t\t\t\t        <div class=\"title-area\">\r\n                        <h2 class=\"sec-title style2\">\r\n            \u0130nmemi\u015f Testis Tedavi Edilmezse Ne Olur?\n            <\/h2>\r\n            \r\n        <\/div>\r\n        \t\t\t\t<\/div>\n\t\t\t\t<\/div>\n\t\t\t\t<div class=\"elementor-element elementor-element-33a0b17 elementor-widget elementor-widget-text-editor\" data-id=\"33a0b17\" data-element_type=\"widget\" data-widget_type=\"text-editor.default\">\n\t\t\t\t<div class=\"elementor-widget-container\">\n\t\t\t\t\t\t\t\t\t<div class=\"checklist\"><ol data-start=\"68\" data-end=\"1191\" data-is-last-node=\"\" data-is-only-node=\"\"><li data-start=\"68\" data-end=\"372\"><p data-start=\"3445\" data-end=\"3524\">Tedavi edilmeyen inmemi\u015f testisler <strong data-start=\"3480\" data-end=\"3521\">ciddi sa\u011fl\u0131k sorunlar\u0131na yol a\u00e7abilir<\/strong>:<\/p><\/li><li data-start=\"68\" data-end=\"372\"><p data-start=\"3445\" data-end=\"3524\">\u2714 <strong data-start=\"3528\" data-end=\"3555\">K\u0131s\u0131rl\u0131k (\u0130nfertilite):<\/strong> Testisler v\u00fccut s\u0131cakl\u0131\u011f\u0131ndan etkilenir ve uzun s\u00fcre kar\u0131n i\u00e7inde kal\u0131rsa sperm \u00fcretimi bozulabilir.<br data-start=\"3656\" data-end=\"3659\" \/>\u2714 <strong data-start=\"3661\" data-end=\"3686\">Testis Kanseri Riski:<\/strong> \u0130nmemi\u015f testisi olan bireylerde, testis kanseri geli\u015fme riski daha y\u00fcksektir.<br data-start=\"3764\" data-end=\"3767\" \/>\u2714 <strong data-start=\"3769\" data-end=\"3786\">Kas\u0131k F\u0131t\u0131\u011f\u0131:<\/strong> \u0130nmemi\u015f testis vakalar\u0131n\u0131n bir k\u0131sm\u0131nda kas\u0131k f\u0131t\u0131\u011f\u0131 da g\u00f6r\u00fclebilir.<br data-start=\"3855\" data-end=\"3858\" \/>\u2714 <strong data-start=\"3860\" data-end=\"3890\">Testis D\u00f6nmesi (Torsiyon):<\/strong> Testis, torbaya sabitlenmedi\u011fi i\u00e7in kendi etraf\u0131nda d\u00f6nerek kan ak\u0131\u015f\u0131n\u0131 kaybedebilir.<\/p><\/li><\/ol><\/div>\t\t\t\t\t\t\t\t<\/div>\n\t\t\t\t<\/div>\n\t\t\t\t<\/div>\n\t\t<div class=\"elementor-element elementor-element-39631e6 e-con-full e-flex e-con e-child\" data-id=\"39631e6\" data-element_type=\"container\" data-settings=\"{&quot;background_background&quot;:&quot;classic&quot;}\">\n\t\t\t\t<div class=\"elementor-element elementor-element-70ed499 elementor-widget elementor-widget-bizmaster-theme-section-title-one-widget\" data-id=\"70ed499\" data-element_type=\"widget\" data-widget_type=\"bizmaster-theme-section-title-one-widget.default\">\n\t\t\t\t<div class=\"elementor-widget-container\">\n\t\t\t\t\t        <div class=\"title-area\">\r\n                        <h2 class=\"sec-title style2\">\r\n            \u0130nmemi\u015f Testis Ameliyat\u0131 Sonras\u0131 Dikkat Edilmesi Gerekenler\n            <\/h2>\r\n            \r\n        <\/div>\r\n        \t\t\t\t<\/div>\n\t\t\t\t<\/div>\n\t\t\t\t<div class=\"elementor-element elementor-element-0490009 elementor-widget elementor-widget-text-editor\" data-id=\"0490009\" data-element_type=\"widget\" data-widget_type=\"text-editor.default\">\n\t\t\t\t<div class=\"elementor-widget-container\">\n\t\t\t\t\t\t\t\t\t<div class=\"checklist\"><ol data-start=\"68\" data-end=\"1191\" data-is-last-node=\"\" data-is-only-node=\"\"><li data-start=\"68\" data-end=\"372\"><p>\u2714 \u00c7ocuk birka\u00e7 g\u00fcn dinlenmeli, a\u011f\u0131r aktivitelerden ka\u00e7\u0131n\u0131lmal\u0131d\u0131r.<br \/>\u2714 B\u00f6lgedeki diki\u015fler genellikle kendili\u011finden erir, \u00f6zel pansuman gerektirmez.<br \/>\u2714 Ameliyattan sonra birka\u00e7 g\u00fcn du\u015f \u00f6nerilmez, doktorun izniyle banyo yap\u0131labilir.<br \/>\u2714 Testislerin yerinde olup olmad\u0131\u011f\u0131 d\u00fczenli muayenelerle kontrol edilmelidir.<br \/>\u2714 Herhangi bir \u015fi\u015flik, k\u0131zar\u0131kl\u0131k veya a\u015f\u0131r\u0131 a\u011fr\u0131 durumunda doktora ba\u015fvurulmal\u0131d\u0131r.<\/p><\/li><li data-start=\"68\" data-end=\"372\"><p>\u0130nmemi\u015f testis, erken te\u015fhis ve tedavi edilmesi gereken bir sa\u011fl\u0131k sorunudur. Cerrahi m\u00fcdahale, testisin fonksiyonunu korumak, ileride olu\u015fabilecek riskleri \u00f6nlemek ve \u00e7ocu\u011fun sa\u011fl\u0131kl\u0131 geli\u015fimini desteklemek i\u00e7in gereklidir. E\u011fer \u00e7ocu\u011funuzda testislerin yerle\u015fimi ile ilgili bir \u015f\u00fcpheniz varsa, vakit kaybetmeden bir \u00e7ocuk cerrah\u0131na dan\u0131\u015fman\u0131z \u00f6nemlidir.<\/p><\/li><\/ol><\/div>\t\t\t\t\t\t\t\t<\/div>\n\t\t\t\t<\/div>\n\t\t\t\t<\/div>\n\t\t\t\t<\/div>\n\t\t","protected":false},"excerpt":{"rendered":"<p>T\u0131bbi \u0130lgi Alanlar\u0131 \u00c7ocuklarda \u0130nmemi\u015f Testis (Kriptor\u015fidizm) Nedir? \u0130nmemi\u015f testis (kriptor\u015fidizm), testislerin do\u011fumdan sonra skrotum (torba) i\u00e7ine yerle\u015fmemesi durumudur. Normalde bebek anne karn\u0131ndayken, testisler kar\u0131n bo\u015flu\u011funda geli\u015fir ve do\u011fuma yak\u0131n bir zamanda kas\u0131k kanal\u0131ndan ge\u00e7erek torbaya iner. Ancak baz\u0131 bebeklerde bu s\u00fcre\u00e7 tamamlanmaz ve testislerden biri ya da her ikisi torbaya ula\u015famaz. \u0130nmemi\u015f testis vakalar\u0131n\u0131n&#8230;..<\/p>\n","protected":false},"author":1,"featured_media":0,"parent":1244,"menu_order":0,"comment_status":"closed","ping_status":"closed","template":"","meta":{"inline_featured_image":false,"footnotes":""},"class_list":["post-2351","page","type-page","status-publish","hentry"],"_links":{"self":[{"href":"https:\/\/drferitbernay.com.tr\/index.php\/wp-json\/wp\/v2\/pages\/2351","targetHints":{"allow":["GET"]}}],"collection":[{"href":"https:\/\/drferitbernay.com.tr\/index.php\/wp-json\/wp\/v2\/pages"}],"about":[{"href":"https:\/\/drferitbernay.com.tr\/index.php\/wp-json\/wp\/v2\/types\/page"}],"author":[{"embeddable":true,"href":"https:\/\/drferitbernay.com.tr\/index.php\/wp-json\/wp\/v2\/users\/1"}],"replies":[{"embeddable":true,"href":"https:\/\/drferitbernay.com.tr\/index.php\/wp-json\/wp\/v2\/comments?post=2351"}],"version-history":[{"count":10,"href":"https:\/\/drferitbernay.com.tr\/index.php\/wp-json\/wp\/v2\/pages\/2351\/revisions"}],"predecessor-version":[{"id":2361,"href":"https:\/\/drferitbernay.com.tr\/index.php\/wp-json\/wp\/v2\/pages\/2351\/revisions\/2361"}],"up":[{"embeddable":true,"href":"https:\/\/drferitbernay.com.tr\/index.php\/wp-json\/wp\/v2\/pages\/1244"}],"wp:attachment":[{"href":"https:\/\/drferitbernay.com.tr\/index.php\/wp-json\/wp\/v2\/media?parent=2351"}],"curies":[{"name":"wp","href":"https:\/\/api.w.org\/{rel}","templated":true}]}}